{"id":473,"date":"2025-05-22T18:15:50","date_gmt":"2025-05-22T16:15:50","guid":{"rendered":"https:\/\/lettresdephobos.com\/?page_id=473"},"modified":"2026-03-04T14:24:20","modified_gmt":"2026-03-04T13:24:20","slug":"accueil","status":"publish","type":"page","link":"https:\/\/lettresdephobos.com\/","title":{"rendered":"_"},"content":{"rendered":"\n<div class=\"wp-block-group is-content-justification-center is-layout-flex wp-container-core-group-is-layout-b02886af wp-block-group-is-layout-flex\">\n<div class=\"wp-block-buttons has-custom-font-size has-medium-font-size is-horizontal is-content-justification-space-between is-layout-flex wp-container-core-buttons-is-layout-7664b034 wp-block-buttons-is-layout-flex\">\n<div class=\"wp-block-button has-custom-width wp-block-button__width-100\"><a class=\"wp-block-button__link has-medium-font-size has-custom-font-size wp-element-button\" href=\"https:\/\/lettresdephobos.com\/index.php\/index-des-chroniques\/\" style=\"padding-right:var(--wp--preset--spacing--60);padding-left:var(--wp--preset--spacing--60)\">Index  chroniques<\/a><\/div>\n<\/div>\n\n\n\n<div class=\"wp-block-buttons is-layout-flex wp-block-buttons-is-layout-flex\">\n<div class=\"wp-block-button has-custom-width wp-block-button__width-100 is-style-outline is-style-outline--1\"><a class=\"wp-block-button__link has-medium-font-size has-custom-font-size wp-element-button\" href=\"https:\/\/lettresdephobos.com\/index.php\/nouvelles-a-telecharger\/\" style=\"padding-right:var(--wp--preset--spacing--40);padding-left:var(--wp--preset--spacing--40)\">Nouvelles \u00e0 t\u00e9l\u00e9charger<\/a><\/div>\n<\/div>\n<\/div>\n\n\n\n<div class=\"wp-block-query alignwide is-layout-flow wp-block-query-is-layout-flow\">\n<div class=\"wp-block-group is-layout-flow wp-block-group-is-layout-flow\" style=\"padding-top:var(--wp--preset--spacing--50);padding-bottom:var(--wp--preset--spacing--50)\"><ul class=\"wp-block-post-template is-layout-grid wp-container-core-post-template-is-layout-3cd8e4d2 wp-block-post-template-is-layout-grid\"><li class=\"wp-block-post post-1587 post type-post status-publish format-standard has-post-thumbnail hentry category-musique tag-musique tag-vampire\">\n<figure style=\"aspect-ratio:1;\" class=\"wp-block-post-featured-image\"><a href=\"https:\/\/lettresdephobos.com\/index.php\/2026\/04\/13\/vampyr-une-playlist-pour-les-broucolaques\/\" target=\"_self\"  ><img loading=\"lazy\" decoding=\"async\" width=\"950\" height=\"506\" src=\"https:\/\/lettresdephobos.com\/wp-content\/uploads\/2026\/04\/960px-William_Bouguereau_-_Dante_and_Virgile_-_Google_Art_Project_211.png\" class=\"attachment-post-thumbnail size-post-thumbnail wp-post-image\" alt=\"Vampyr, une playlist pour les broucolaques\" style=\"width:100%;height:100%;object-fit:cover;\" srcset=\"https:\/\/lettresdephobos.com\/wp-content\/uploads\/2026\/04\/960px-William_Bouguereau_-_Dante_and_Virgile_-_Google_Art_Project_211.png 950w, https:\/\/lettresdephobos.com\/wp-content\/uploads\/2026\/04\/960px-William_Bouguereau_-_Dante_and_Virgile_-_Google_Art_Project_211-300x160.png 300w, https:\/\/lettresdephobos.com\/wp-content\/uploads\/2026\/04\/960px-William_Bouguereau_-_Dante_and_Virgile_-_Google_Art_Project_211-768x409.png 768w\" sizes=\"auto, (max-width: 950px) 100vw, 950px\" \/><\/a><\/figure>\n\n<h2 class=\"wp-block-post-title\">Vampyr, une playlist pour les broucolaques<\/h2>\n\n<div class=\"wp-block-post-date\"><time datetime=\"2026-04-13T18:00:00+02:00\">13 avril 2026<\/time><\/div>\n\n<div class=\"wp-block-post-excerpt\"><p class=\"wp-block-post-excerpt__excerpt\">En pr\u00e9parant le billet pr\u00e9c\u00e9dent sur mon top 3 de nouvelles vampiriques, je suis tomb\u00e9e dans un trou spatiotemporel. Au fond de ce trou, se trouve d\u00e9sormais une playlist ! Et vous savez ce qui est le mieux ? J&rsquo;ai r\u00e9ussi \u00e0 embarquer mon mec et la moiti\u00e9 de mes potes dans cette histoire.<\/p><p class=\"wp-block-post-excerpt__more-text\"><a class=\"wp-block-post-excerpt__more-link\" href=\"https:\/\/lettresdephobos.com\/index.php\/2026\/04\/13\/vampyr-une-playlist-pour-les-broucolaques\/\">Lire la suite<\/a><\/p><\/div>\n<\/li><li class=\"wp-block-post post-1549 post type-post status-publish format-standard has-post-thumbnail hentry category-non-classe tag-carmilla tag-seignolle tag-top tag-vampire\">\n<figure style=\"aspect-ratio:1;\" class=\"wp-block-post-featured-image\"><a href=\"https:\/\/lettresdephobos.com\/index.php\/2026\/03\/30\/mon-top-3-de-nouvelles-de-vampires\/\" target=\"_self\"  ><img loading=\"lazy\" decoding=\"async\" width=\"960\" height=\"786\" src=\"https:\/\/lettresdephobos.com\/wp-content\/uploads\/2026\/02\/Edvard_Munch_-_Vampire_1895_-_Google_Art_Project.jpg\" class=\"attachment-post-thumbnail size-post-thumbnail wp-post-image\" alt=\"\u00abI don&rsquo;t want my fangs too long \u00bb : mon top 3 de nouvelles de vampires\" style=\"width:100%;height:100%;object-fit:cover;\" srcset=\"https:\/\/lettresdephobos.com\/wp-content\/uploads\/2026\/02\/Edvard_Munch_-_Vampire_1895_-_Google_Art_Project.jpg 960w, https:\/\/lettresdephobos.com\/wp-content\/uploads\/2026\/02\/Edvard_Munch_-_Vampire_1895_-_Google_Art_Project-300x246.jpg 300w, https:\/\/lettresdephobos.com\/wp-content\/uploads\/2026\/02\/Edvard_Munch_-_Vampire_1895_-_Google_Art_Project-768x629.jpg 768w\" sizes=\"auto, (max-width: 960px) 100vw, 960px\" \/><\/a><\/figure>\n\n<h2 class=\"wp-block-post-title\">\u00abI don&rsquo;t want my fangs too long \u00bb : mon top 3 de nouvelles de vampires<\/h2>\n\n<div class=\"wp-block-post-date\"><time datetime=\"2026-03-30T18:00:00+02:00\">30 mars 2026<\/time><\/div>\n\n<div class=\"wp-block-post-excerpt\"><p class=\"wp-block-post-excerpt__excerpt\">D\u00e9couvrez mes trois nouvelles de vampires pr\u00e9f\u00e9r\u00e9es. Au programme : du vampire rural serbe, une revanche d&rsquo;artiste espagnol \u00e0 Paris et du d\u00e9sir f\u00e9minin dans un ch\u00e2teau isol\u00e9 en Styrie.<\/p><p class=\"wp-block-post-excerpt__more-text\"><a class=\"wp-block-post-excerpt__more-link\" href=\"https:\/\/lettresdephobos.com\/index.php\/2026\/03\/30\/mon-top-3-de-nouvelles-de-vampires\/\">Lire la suite<\/a><\/p><\/div>\n<\/li><li class=\"wp-block-post post-1162 post type-post status-publish format-standard has-post-thumbnail hentry category-natrix-somnia category-nouvelles tag-conte tag-hagsploitation tag-melusine tag-serpent\">\n<figure style=\"aspect-ratio:1;\" class=\"wp-block-post-featured-image\"><a href=\"https:\/\/lettresdephobos.com\/index.php\/2026\/03\/16\/un-mot-sur-natrix-somnia\/\" target=\"_self\"  ><img loading=\"lazy\" decoding=\"async\" width=\"755\" height=\"695\" src=\"https:\/\/lettresdephobos.com\/wp-content\/uploads\/2025\/12\/Melusine_Pierre_Roche_1900-e1765921330535.jpg\" class=\"attachment-post-thumbnail size-post-thumbnail wp-post-image\" alt=\"Un mot sur Natrix Somnia\" style=\"width:100%;height:100%;object-fit:cover;\" srcset=\"https:\/\/lettresdephobos.com\/wp-content\/uploads\/2025\/12\/Melusine_Pierre_Roche_1900-e1765921330535.jpg 755w, https:\/\/lettresdephobos.com\/wp-content\/uploads\/2025\/12\/Melusine_Pierre_Roche_1900-e1765921330535-300x276.jpg 300w\" sizes=\"auto, (max-width: 755px) 100vw, 755px\" \/><\/a><\/figure>\n\n<h2 class=\"wp-block-post-title\">Un mot sur Natrix Somnia<\/h2>\n\n<div class=\"wp-block-post-date\"><time datetime=\"2026-03-16T18:00:00+01:00\">16 mars 2026<\/time><\/div>\n\n<div class=\"wp-block-post-excerpt\"><p class=\"wp-block-post-excerpt__excerpt\">Est-ce que vous en aviez marre de voir des serpents en page d&rsquo;accueil ? Et bien c&rsquo;est termin\u00e9. La derni\u00e8re partie de Natrix Somnia a \u00e9t\u00e9 mise en ligne il y a quinze jours. Nous allons donc continuer sur autre chose. Mais en attendant, vous vous demandez peut-\u00eatre pourquoi tous ces magnifiques reptiles ? La<\/p><p class=\"wp-block-post-excerpt__more-text\"><a class=\"wp-block-post-excerpt__more-link\" href=\"https:\/\/lettresdephobos.com\/index.php\/2026\/03\/16\/un-mot-sur-natrix-somnia\/\">Lire la suite<\/a><\/p><\/div>\n<\/li><li class=\"wp-block-post post-1167 post type-post status-publish format-standard has-post-thumbnail hentry category-natrix-somnia category-nouvelles tag-cave tag-magie tag-melusine tag-priere\">\n<figure style=\"aspect-ratio:1;\" class=\"wp-block-post-featured-image\"><a href=\"https:\/\/lettresdephobos.com\/index.php\/2026\/03\/02\/dans-la-vallee-de-lombre-et-de-la-mort-natrix-somnia-7-7\/\" target=\"_self\"  ><img loading=\"lazy\" decoding=\"async\" width=\"800\" height=\"579\" src=\"https:\/\/lettresdephobos.com\/wp-content\/uploads\/2025\/10\/52719759542_0b5988618e_c.jpg\" class=\"attachment-post-thumbnail size-post-thumbnail wp-post-image\" alt=\"Dans la vall\u00e9e de l&rsquo;ombre et de la mort &#8211; Natrix Somnia 7\/7\" style=\"width:100%;height:100%;object-fit:cover;\" srcset=\"https:\/\/lettresdephobos.com\/wp-content\/uploads\/2025\/10\/52719759542_0b5988618e_c.jpg 800w, https:\/\/lettresdephobos.com\/wp-content\/uploads\/2025\/10\/52719759542_0b5988618e_c-300x217.jpg 300w, https:\/\/lettresdephobos.com\/wp-content\/uploads\/2025\/10\/52719759542_0b5988618e_c-768x556.jpg 768w\" sizes=\"auto, (max-width: 800px) 100vw, 800px\" \/><\/a><\/figure>\n\n<h2 class=\"wp-block-post-title\">Dans la vall\u00e9e de l&rsquo;ombre et de la mort &#8211; Natrix Somnia 7\/7<\/h2>\n\n<div class=\"wp-block-post-date\"><time datetime=\"2026-03-02T18:00:00+01:00\">2 mars 2026<\/time><\/div>\n\n<div class=\"wp-block-post-excerpt\"><p class=\"wp-block-post-excerpt__excerpt\">Aujourd&rsquo;hui, avec ce dernier chapitre de Natrix Somnia, vous allez enfin d\u00e9couvrir ce qu&rsquo;il se passe dans la cave de An Hu\u00f1vre, qui est la cr\u00e9ature et ce qui est r\u00e9ellement arriv\u00e9 \u00e0 Ga\u00ebl. \u00c7a va \u00eatre intense !<\/p><p class=\"wp-block-post-excerpt__more-text\"><a class=\"wp-block-post-excerpt__more-link\" href=\"https:\/\/lettresdephobos.com\/index.php\/2026\/03\/02\/dans-la-vallee-de-lombre-et-de-la-mort-natrix-somnia-7-7\/\">Lire la suite<\/a><\/p><\/div>\n<\/li><li class=\"wp-block-post post-1165 post type-post status-publish format-standard has-post-thumbnail hentry category-natrix-somnia category-nouvelles tag-amour tag-priere\">\n<figure style=\"aspect-ratio:1;\" class=\"wp-block-post-featured-image\"><a href=\"https:\/\/lettresdephobos.com\/index.php\/2026\/02\/16\/les-prieres-damelia-natrix-somnia-6-7\/\" target=\"_self\"  ><img loading=\"lazy\" decoding=\"async\" width=\"800\" height=\"600\" src=\"https:\/\/lettresdephobos.com\/wp-content\/uploads\/2025\/12\/9490352356_1bb54b231a_c.jpg\" class=\"attachment-post-thumbnail size-post-thumbnail wp-post-image\" alt=\"Les pri\u00e8res d&rsquo;Am\u00e9lia &#8211; Natrix Somnia 6\/7\" style=\"width:100%;height:100%;object-fit:cover;\" srcset=\"https:\/\/lettresdephobos.com\/wp-content\/uploads\/2025\/12\/9490352356_1bb54b231a_c.jpg 800w, https:\/\/lettresdephobos.com\/wp-content\/uploads\/2025\/12\/9490352356_1bb54b231a_c-300x225.jpg 300w, https:\/\/lettresdephobos.com\/wp-content\/uploads\/2025\/12\/9490352356_1bb54b231a_c-768x576.jpg 768w\" sizes=\"auto, (max-width: 800px) 100vw, 800px\" \/><\/a><\/figure>\n\n<h2 class=\"wp-block-post-title\">Les pri\u00e8res d&rsquo;Am\u00e9lia &#8211; Natrix Somnia 6\/7<\/h2>\n\n<div class=\"wp-block-post-date\"><time datetime=\"2026-02-16T18:00:00+01:00\">16 f\u00e9vrier 2026<\/time><\/div>\n\n<div class=\"wp-block-post-excerpt\"><p class=\"wp-block-post-excerpt__excerpt\">Aujourd&rsquo;hui, je publie l&rsquo;avant-dernier chapitre de ma nouvelle Natrix Somnia. Il fait un pas de c\u00f4t\u00e9 en nous donnant acc\u00e8s \u00e0 la voix d&rsquo;Am\u00e9lia.<\/p><p class=\"wp-block-post-excerpt__more-text\"><a class=\"wp-block-post-excerpt__more-link\" href=\"https:\/\/lettresdephobos.com\/index.php\/2026\/02\/16\/les-prieres-damelia-natrix-somnia-6-7\/\">Lire la suite<\/a><\/p><\/div>\n<\/li><li class=\"wp-block-post post-1134 post type-post status-publish format-standard has-post-thumbnail hentry category-natrix-somnia category-nouvelles tag-cave tag-magie tag-memoire\">\n<figure style=\"aspect-ratio:1;\" class=\"wp-block-post-featured-image\"><a href=\"https:\/\/lettresdephobos.com\/index.php\/2026\/02\/02\/hurdy-gurdy-man-natrix-somnia-5-7\/\" target=\"_self\"  ><img loading=\"lazy\" decoding=\"async\" width=\"799\" height=\"482\" src=\"https:\/\/lettresdephobos.com\/wp-content\/uploads\/2025\/12\/1016947700_e33dde68ef_c.jpg\" class=\"attachment-post-thumbnail size-post-thumbnail wp-post-image\" alt=\"Hurdy Gurdy Man &#8211; Natrix Somnia 5\/7\" style=\"width:100%;height:100%;object-fit:cover;\" srcset=\"https:\/\/lettresdephobos.com\/wp-content\/uploads\/2025\/12\/1016947700_e33dde68ef_c.jpg 799w, https:\/\/lettresdephobos.com\/wp-content\/uploads\/2025\/12\/1016947700_e33dde68ef_c-300x181.jpg 300w, https:\/\/lettresdephobos.com\/wp-content\/uploads\/2025\/12\/1016947700_e33dde68ef_c-768x463.jpg 768w\" sizes=\"auto, (max-width: 799px) 100vw, 799px\" \/><\/a><\/figure>\n\n<h2 class=\"wp-block-post-title\">Hurdy Gurdy Man &#8211; Natrix Somnia 5\/7<\/h2>\n\n<div class=\"wp-block-post-date\"><time datetime=\"2026-02-02T18:00:00+01:00\">2 f\u00e9vrier 2026<\/time><\/div>\n\n<div class=\"wp-block-post-excerpt\"><p class=\"wp-block-post-excerpt__excerpt\">Toutes les v\u00e9rit\u00e9s ne sont pas bonnes \u00e0 lire et Raymond va maintenant v\u00e9rifier cet adage.<\/p><p class=\"wp-block-post-excerpt__more-text\"><a class=\"wp-block-post-excerpt__more-link\" href=\"https:\/\/lettresdephobos.com\/index.php\/2026\/02\/02\/hurdy-gurdy-man-natrix-somnia-5-7\/\">Lire la suite<\/a><\/p><\/div>\n<\/li><li class=\"wp-block-post post-1321 post type-post status-publish format-standard has-post-thumbnail hentry category-chroniques tag-conte tag-fantastique tag-jeunesse tag-mort\">\n<figure style=\"aspect-ratio:1;\" class=\"wp-block-post-featured-image\"><a href=\"https:\/\/lettresdephobos.com\/index.php\/2026\/01\/19\/le-conte-du-pecheur-la-mort-noublie-personne\/\" target=\"_self\"  ><img loading=\"lazy\" decoding=\"async\" width=\"850\" height=\"552\" src=\"https:\/\/lettresdephobos.com\/wp-content\/uploads\/2025\/12\/Screen-Shot-2024-11-18-at-12.28.33-AM.png\" class=\"attachment-post-thumbnail size-post-thumbnail wp-post-image\" alt=\"Le conte du p\u00eacheur &#8211; la mort n&rsquo;oublie personne\" style=\"width:100%;height:100%;object-fit:cover;\" srcset=\"https:\/\/lettresdephobos.com\/wp-content\/uploads\/2025\/12\/Screen-Shot-2024-11-18-at-12.28.33-AM.png 850w, https:\/\/lettresdephobos.com\/wp-content\/uploads\/2025\/12\/Screen-Shot-2024-11-18-at-12.28.33-AM-300x195.png 300w, https:\/\/lettresdephobos.com\/wp-content\/uploads\/2025\/12\/Screen-Shot-2024-11-18-at-12.28.33-AM-768x499.png 768w\" sizes=\"auto, (max-width: 850px) 100vw, 850px\" \/><\/a><\/figure>\n\n<h2 class=\"wp-block-post-title\">Le conte du p\u00eacheur &#8211; la mort n&rsquo;oublie personne<\/h2>\n\n<div class=\"wp-block-post-date\"><time datetime=\"2026-01-19T18:00:00+01:00\">19 janvier 2026<\/time><\/div>\n\n<div class=\"wp-block-post-excerpt\"><p class=\"wp-block-post-excerpt__excerpt\">En 1812, les fr\u00e8res Grimm publient le recueil Contes de l&rsquo;enfance et du foyer dans lequel se trouve La Mort Marraine. Deux cents ans plus tard, Sally Nicholls en propose une adaptation, illustr\u00e9e par Julia Sard\u00e0, sous le titre Le Conte du p\u00eacheur (ou Godfather Death), sortie chez Gallimard Jeunesse. Cette chronique est donc celle<\/p><p class=\"wp-block-post-excerpt__more-text\"><a class=\"wp-block-post-excerpt__more-link\" href=\"https:\/\/lettresdephobos.com\/index.php\/2026\/01\/19\/le-conte-du-pecheur-la-mort-noublie-personne\/\">Lire la suite<\/a><\/p><\/div>\n<\/li><li class=\"wp-block-post post-1103 post type-post status-publish format-standard has-post-thumbnail hentry category-natrix-somnia category-nouvelles tag-cave tag-lettre tag-magie\">\n<figure style=\"aspect-ratio:1;\" class=\"wp-block-post-featured-image\"><a href=\"https:\/\/lettresdephobos.com\/index.php\/2026\/01\/05\/la-magicienne-natrix-somnia-4-7\/\" target=\"_self\"  ><img loading=\"lazy\" decoding=\"async\" width=\"799\" height=\"533\" src=\"https:\/\/lettresdephobos.com\/wp-content\/uploads\/2025\/11\/8655738052_ffb581bf9b_c.jpg\" class=\"attachment-post-thumbnail size-post-thumbnail wp-post-image\" alt=\"La magicienne &#8211; Natrix Somnia 4\/7\" style=\"width:100%;height:100%;object-fit:cover;\" srcset=\"https:\/\/lettresdephobos.com\/wp-content\/uploads\/2025\/11\/8655738052_ffb581bf9b_c.jpg 799w, https:\/\/lettresdephobos.com\/wp-content\/uploads\/2025\/11\/8655738052_ffb581bf9b_c-300x200.jpg 300w, https:\/\/lettresdephobos.com\/wp-content\/uploads\/2025\/11\/8655738052_ffb581bf9b_c-768x512.jpg 768w\" sizes=\"auto, (max-width: 799px) 100vw, 799px\" \/><\/a><\/figure>\n\n<h2 class=\"wp-block-post-title\">La magicienne &#8211; Natrix Somnia 4\/7<\/h2>\n\n<div class=\"wp-block-post-date\"><time datetime=\"2026-01-05T18:00:00+01:00\">5 janvier 2026<\/time><\/div>\n\n<div class=\"wp-block-post-excerpt\"><p class=\"wp-block-post-excerpt__excerpt\">Qui dit nouvelle ann\u00e9e, dit nouveau personnage qui entre en sc\u00e8ne : il s&rsquo;agit d&rsquo;une magicienne. Souhaitons-lui la bienvenue avec cette quatri\u00e8me partie.<\/p><p class=\"wp-block-post-excerpt__more-text\"><a class=\"wp-block-post-excerpt__more-link\" href=\"https:\/\/lettresdephobos.com\/index.php\/2026\/01\/05\/la-magicienne-natrix-somnia-4-7\/\">Lire la suite<\/a><\/p><\/div>\n<\/li><li class=\"wp-block-post post-1052 post type-post status-publish format-standard has-post-thumbnail hentry category-natrix-somnia category-nouvelles tag-anxiete tag-baignoire tag-cave tag-tempete\">\n<figure style=\"aspect-ratio:1;\" class=\"wp-block-post-featured-image\"><a href=\"https:\/\/lettresdephobos.com\/index.php\/2025\/12\/22\/une-nuit-de-tempete-natrix-somnia-3-8\/\" target=\"_self\"  ><img loading=\"lazy\" decoding=\"async\" width=\"1024\" height=\"678\" src=\"https:\/\/lettresdephobos.com\/wp-content\/uploads\/2025\/11\/Natrix_maura_-_Vipernnatter_-_Portrait.jpg\" class=\"attachment-post-thumbnail size-post-thumbnail wp-post-image\" alt=\"Une nuit de temp\u00eate &#8211; Natrix Somnia 3\/7\" style=\"width:100%;height:100%;object-fit:cover;\" srcset=\"https:\/\/lettresdephobos.com\/wp-content\/uploads\/2025\/11\/Natrix_maura_-_Vipernnatter_-_Portrait.jpg 1024w, https:\/\/lettresdephobos.com\/wp-content\/uploads\/2025\/11\/Natrix_maura_-_Vipernnatter_-_Portrait-300x199.jpg 300w, https:\/\/lettresdephobos.com\/wp-content\/uploads\/2025\/11\/Natrix_maura_-_Vipernnatter_-_Portrait-768x509.jpg 768w\" sizes=\"auto, (max-width: 1024px) 100vw, 1024px\" \/><\/a><\/figure>\n\n<h2 class=\"wp-block-post-title\">Une nuit de temp\u00eate &#8211; Natrix Somnia 3\/7<\/h2>\n\n<div class=\"wp-block-post-date\"><time datetime=\"2025-12-22T18:00:00+01:00\">22 d\u00e9cembre 2025<\/time><\/div>\n\n<div class=\"wp-block-post-excerpt\"><p class=\"wp-block-post-excerpt__excerpt\">Et oui, nouvelle publication pour le 22 d\u00e9cembre. Raymond a mal au cr\u00e2ne et nous aussi bient\u00f4t. Alors, pour patientez, je vous offre la troisi\u00e8me partie de Natrix Somnia. Qu&rsquo;elle accompagne dignement vos toasts de pain de mie.<\/p><p class=\"wp-block-post-excerpt__more-text\"><a class=\"wp-block-post-excerpt__more-link\" href=\"https:\/\/lettresdephobos.com\/index.php\/2025\/12\/22\/une-nuit-de-tempete-natrix-somnia-3-8\/\">Lire la suite<\/a><\/p><\/div>\n<\/li><\/ul><\/div>\n\n\n\n<div class=\"wp-block-group is-layout-flow wp-block-group-is-layout-flow\"><nav class=\"alignfull wp-block-query-pagination is-content-justification-space-between is-layout-flex wp-container-core-query-pagination-is-layout-b2891da8 wp-block-query-pagination-is-layout-flex\" aria-label=\"Pagination\">\n\n\n<div class=\"wp-block-query-pagination-numbers\"><span aria-current=\"page\" class=\"page-numbers current\">1<\/span>\n<a class=\"page-numbers\" href=\"?query-15-page=2\">2<\/a>\n<a class=\"page-numbers\" href=\"?query-15-page=3\">3<\/a>\n<a class=\"page-numbers\" href=\"?query-15-page=4\">4<\/a><\/div>\n\n<a href=\"\/index.php\/wp-json\/wp\/v2\/pages\/473?query-15-page=2\" class=\"wp-block-query-pagination-next\">Page suivante<span class='wp-block-query-pagination-next-arrow is-arrow-arrow' aria-hidden='true'>\u2192<\/span><\/a>\n<\/nav><\/div>\n<\/div>\n\n\n<div class=\"wp-block-jetpack-subscriptions__supports-newline wp-block-jetpack-subscriptions\">\n\t\t<div>\n\t\t\t<div>\n\t\t\t\t<div>\n\t\t\t\t\t<p >\n\t\t\t\t\t\t<a href=\"https:\/\/lettresdephobos.com\/?post_type=page&#038;p=473\" style=\"font-size: 16px;padding: 15px 23px 15px 23px;margin: 0; margin-left: 10px;border-radius: 0px;border-width: 1px; background-color: #113AF5; color: #FFFFFF; text-decoration: none; white-space: nowrap; margin-left: 0\">Abonnez-vous<\/a>\n\t\t\t\t\t<\/p>\n\t\t\t\t<\/div>\n\t\t\t<\/div>\n\t\t<\/div>\n\t<\/div>","protected":false},"excerpt":{"rendered":"","protected":false},"author":1,"featured_media":0,"parent":0,"menu_order":0,"comment_status":"closed","ping_status":"closed","template":"","meta":{"jetpack_post_was_ever_published":false,"footnotes":""},"class_list":["post-473","page","type-page","status-publish","hentry"],"jetpack_sharing_enabled":true,"_links":{"self":[{"href":"https:\/\/lettresdephobos.com\/index.php\/wp-json\/wp\/v2\/pages\/473","targetHints":{"allow":["GET"]}}],"collection":[{"href":"https:\/\/lettresdephobos.com\/index.php\/wp-json\/wp\/v2\/pages"}],"about":[{"href":"https:\/\/lettresdephobos.com\/index.php\/wp-json\/wp\/v2\/types\/page"}],"author":[{"embeddable":true,"href":"https:\/\/lettresdephobos.com\/index.php\/wp-json\/wp\/v2\/users\/1"}],"replies":[{"embeddable":true,"href":"https:\/\/lettresdephobos.com\/index.php\/wp-json\/wp\/v2\/comments?post=473"}],"version-history":[{"count":34,"href":"https:\/\/lettresdephobos.com\/index.php\/wp-json\/wp\/v2\/pages\/473\/revisions"}],"predecessor-version":[{"id":1658,"href":"https:\/\/lettresdephobos.com\/index.php\/wp-json\/wp\/v2\/pages\/473\/revisions\/1658"}],"wp:attachment":[{"href":"https:\/\/lettresdephobos.com\/index.php\/wp-json\/wp\/v2\/media?parent=473"}],"curies":[{"name":"wp","href":"https:\/\/api.w.org\/{rel}","templated":true}]}}