{"id":250,"date":"2025-03-09T14:30:55","date_gmt":"2025-03-09T14:30:55","guid":{"rendered":"http:\/\/lettresdephobos.wordpress.com\/?page_id=1"},"modified":"2026-01-01T17:46:37","modified_gmt":"2026-01-01T16:46:37","slug":"about","status":"publish","type":"page","link":"https:\/\/lettresdephobos.com\/index.php\/about\/","title":{"rendered":"\u00c0 propos"},"content":{"rendered":"\n<figure class=\"wp-block-image size-full\"><img loading=\"lazy\" decoding=\"async\" width=\"640\" height=\"427\" src=\"https:\/\/lettresdephobos.com\/wp-content\/uploads\/2025\/03\/mosaic_fragment_representing_the_god_phobos_300-400_ad_51233371996.jpg\" alt=\"Photographie d'une mosa\u00efque du 4e si\u00e8cle avant J\u00e9sus-Christ repr\u00e9sentant le visage du dieu grec de la terrer Phobos\" class=\"wp-image-54\" srcset=\"https:\/\/lettresdephobos.com\/wp-content\/uploads\/2025\/03\/mosaic_fragment_representing_the_god_phobos_300-400_ad_51233371996.jpg 640w, https:\/\/lettresdephobos.com\/wp-content\/uploads\/2025\/03\/mosaic_fragment_representing_the_god_phobos_300-400_ad_51233371996-300x200.jpg 300w\" sizes=\"auto, (max-width: 640px) 100vw, 640px\" \/><figcaption class=\"wp-element-caption\"><p class=\"attribution\">\u00ab\u00a0<a rel=\"noopener noreferrer\" href=\"https:\/\/commons.wikimedia.org\/w\/index.php?curid=107024204\">Mosaic fragment representing the god Phobos 300-400 AD (51233371996)<\/a>\u00a0\u00bb by <a rel=\"noopener noreferrer\" href=\"https:\/\/www.flickr.com\/people\/168399512@N02\">TimeTravelRome<\/a> is licensed under <a rel=\"noopener noreferrer\" href=\"https:\/\/creativecommons.org\/licenses\/by\/2.0\/?ref=openverse\">CC BY 2.0 <img decoding=\"async\" src=\"https:\/\/mirrors.creativecommons.org\/presskit\/icons\/cc.svg\" style=\"height: 1em;margin-right: 0.125em;display: inline\"><img decoding=\"async\" src=\"https:\/\/mirrors.creativecommons.org\/presskit\/icons\/by.svg\" style=\"height: 1em;margin-right: 0.125em;display: inline\"><\/a>.<\/p><\/figcaption><\/figure>\n\n\n\n<p>Les lettres de Phob\u00f3s sont une tentative de partager des nouvelles, des po\u00e8mes ou d&rsquo;autres formes textuelles avec leurs imperfections. Qui est l&rsquo;autrice n&rsquo;est pas tr\u00e8s important et elle peut avoir des invit\u00e9\u00b7es.<\/p>\n\n\n\n<p><a href=\"https:\/\/www.retroaestetica.com\/product\/zero-ambition-patch\">Aucune ambition<\/a> n&rsquo;est ici poursuivie. Les critiques et commentaires seront bien re\u00e7us. <\/p>\n\n\n\n<p>La mod\u00e9ration des commentaires n\u2019est pas automatique et se fait <em>a priori<\/em>.<\/p>\n\n\n\n<p>Vous pouvez aussi m&rsquo;\u00e9crire \u00e0 &lt;lettresdephobos[a]proton[dot]me&gt;<\/p>\n\n\n\n<details class=\"wp-block-details is-layout-flow wp-block-details-is-layout-flow\"><summary>D\u00e9couvrez mon vrai visage !<\/summary>\n<figure class=\"wp-block-image size-large is-resized\"><img loading=\"lazy\" decoding=\"async\" width=\"1024\" height=\"1024\" src=\"https:\/\/lettresdephobos.com\/wp-content\/uploads\/2025\/09\/chat-sauvage-1024x1024.jpg\" alt=\"\" class=\"wp-image-828\" style=\"width:417px;height:auto\" srcset=\"https:\/\/lettresdephobos.com\/wp-content\/uploads\/2025\/09\/chat-sauvage-1024x1024.jpg 1024w, https:\/\/lettresdephobos.com\/wp-content\/uploads\/2025\/09\/chat-sauvage-300x300.jpg 300w, https:\/\/lettresdephobos.com\/wp-content\/uploads\/2025\/09\/chat-sauvage-150x150.jpg 150w, https:\/\/lettresdephobos.com\/wp-content\/uploads\/2025\/09\/chat-sauvage-768x767.jpg 768w, https:\/\/lettresdephobos.com\/wp-content\/uploads\/2025\/09\/chat-sauvage.jpg 1422w\" sizes=\"auto, (max-width: 1024px) 100vw, 1024px\" \/><figcaption class=\"wp-element-caption\">Et non, toujours pas.<\/figcaption><\/figure>\n<\/details>\n\n\n\n<p>Le logo et le lettrage d&rsquo;en-t\u00eate ont \u00e9t\u00e9 r\u00e9alis\u00e9s par Tristan Diaz (@tristan.bastie)<\/p>\n","protected":false},"excerpt":{"rendered":"<p>Les lettres de Phob\u00f3s sont une tentative de partager des nouvelles, des po\u00e8mes ou d&rsquo;autres formes textuelles avec leurs imperfections. Qui est l&rsquo;autrice n&rsquo;est pas tr\u00e8s important et elle peut avoir des invit\u00e9\u00b7es. Aucune ambition n&rsquo;est ici poursuivie. Les critiques et commentaires seront bien re\u00e7us. La mod\u00e9ration des commentaires n\u2019est pas automatique et se fait [&hellip;]<\/p>\n","protected":false},"author":1,"featured_media":0,"parent":0,"menu_order":0,"comment_status":"closed","ping_status":"open","template":"","meta":{"jetpack_post_was_ever_published":false,"footnotes":""},"class_list":["post-250","page","type-page","status-publish","hentry"],"jetpack_sharing_enabled":true,"_links":{"self":[{"href":"https:\/\/lettresdephobos.com\/index.php\/wp-json\/wp\/v2\/pages\/250","targetHints":{"allow":["GET"]}}],"collection":[{"href":"https:\/\/lettresdephobos.com\/index.php\/wp-json\/wp\/v2\/pages"}],"about":[{"href":"https:\/\/lettresdephobos.com\/index.php\/wp-json\/wp\/v2\/types\/page"}],"author":[{"embeddable":true,"href":"https:\/\/lettresdephobos.com\/index.php\/wp-json\/wp\/v2\/users\/1"}],"replies":[{"embeddable":true,"href":"https:\/\/lettresdephobos.com\/index.php\/wp-json\/wp\/v2\/comments?post=250"}],"version-history":[{"count":6,"href":"https:\/\/lettresdephobos.com\/index.php\/wp-json\/wp\/v2\/pages\/250\/revisions"}],"predecessor-version":[{"id":1505,"href":"https:\/\/lettresdephobos.com\/index.php\/wp-json\/wp\/v2\/pages\/250\/revisions\/1505"}],"wp:attachment":[{"href":"https:\/\/lettresdephobos.com\/index.php\/wp-json\/wp\/v2\/media?parent=250"}],"curies":[{"name":"wp","href":"https:\/\/api.w.org\/{rel}","templated":true}]}}